{"id":311,"date":"2022-10-20T10:05:17","date_gmt":"2022-10-20T07:05:17","guid":{"rendered":"https:\/\/www.clinicarebosphorus.com\/tr\/?page_id=311"},"modified":"2022-10-21T11:03:21","modified_gmt":"2022-10-21T08:03:21","slug":"saglik-turizmi","status":"publish","type":"page","link":"https:\/\/www.clinicarebosphorus.com\/tr\/saglik-turizmi\/","title":{"rendered":"Sa\u011fl\u0131k Turizmi"},"content":{"rendered":"<p><iframe loading=\"lazy\" title=\"YouTube video player\" src=\"https:\/\/www.youtube.com\/embed\/GSVTB1kfCVk\" width=\"100%\" height=\"450\" frameborder=\"0\" allowfullscreen=\"allowfullscreen\"><span data-mce-type=\"bookmark\" style=\"display: inline-block; width: 0px; overflow: hidden; line-height: 0;\" class=\"mce_SELRES_start\">\ufeff<\/span><\/iframe><\/p>\n<p>Clinicare Bosphorus, yurt d\u0131\u015f\u0131ndan gelen hastalar\u0131n en iyi \u015fekilde kar\u015f\u0131land\u0131\u011f\u0131 ve tedavi edildi\u011fi bir kurulu\u015ftur. Operat\u00f6r Doktor Bar\u0131\u015f Keklik hastalar\u0131m\u0131z\u0131n ameliyat\u0131n\u0131 ger\u00e7ekle\u015ftiren doktorumuzdur. Bir\u00e7ok farkl\u0131 alanda uzmanl\u0131\u011f\u0131 bulunan ve y\u0131llard\u0131r ba\u015far\u0131l\u0131 operasyonlar\u0131 ile hastalar\u0131ndan memnun kalan doktorumuzun bilgilerini incelemek i\u00e7in @bariskeklik.m.d sayfas\u0131n\u0131 inceleyebilirsiniz. Bizi ve doktorumuzu t\u00fcm sosyal medya kanallar\u0131ndan inceleyebilirsiniz.<\/p>\n<p>\u00c7al\u0131\u015fma s\u00fcrecimiz a\u015fa\u011f\u0131daki gibidir. \u00d6ncelikle bize mesaj atabilir ve bilgi alabilirsiniz. Olmak istedi\u011finiz ameliyat hakk\u0131nda bizi bilgilendirebilir ve doktorumuzdan \u00fccretsiz muayene olabilirsiniz. \u0130ste\u011finize g\u00f6re \u00fccretsiz video dan\u0131\u015fmanl\u0131\u011f\u0131 sa\u011flayabiliriz. Ard\u0131ndan ameliyat\u0131n\u0131z i\u00e7in geli\u015f ve gidi\u015f tarihlerinizi planlay\u0131p s\u00fcreci ba\u015flat\u0131yoruz. Sizi \u0130stanbul havaalan\u0131ndan al\u0131p otele transfer edece\u011fiz. Operasyon g\u00fcn\u00fc sizi otelden hastaneye transfer ediyor, doktorumuzla son detayl\u0131 g\u00f6r\u00fc\u015fmeyi yap\u0131yor ve ameliyata al\u0131yoruz. Ard\u0131ndan ameliyat sonras\u0131 bak\u0131m ve ila\u00e7 ve bak\u0131m sonras\u0131 bilgilerle otele transfer edilirsiniz. Ameliyattan sonra sizi d\u00fczenli kontrol alt\u0131na al\u0131yoruz ve son olarak son g\u00fcn klinikte son kontrol, ek bilgi ve ameliyat sonras\u0131 d\u00f6nem i\u00e7in tavsiyeler, havaliman\u0131na transfer edip sa\u011fl\u0131kl\u0131 ve mutlu bir \u015fekilde \u00fclkenize d\u00f6n\u00fc\u015f\u00fcn\u00fcz\u00fc sa\u011fl\u0131yoruz.<\/p>\n<p>B\u00fct\u00fcn s\u00fcre\u00e7 yandaki videoda detayl\u0131 bir \u015fekilde anlat\u0131l\u0131yor, sorunuz varsa g\u00f6r\u00fc\u015fmek i\u00e7in hi\u00e7 \u00e7ekinmeden mesaj atabilirsiniz.<\/p>\n","protected":false},"excerpt":{"rendered":"<p>\ufeff Clinicare Bosphorus, yurt d\u0131\u015f\u0131ndan gelen hastalar\u0131n en iyi \u015fekilde kar\u015f\u0131land\u0131\u011f\u0131 ve tedavi edildi\u011fi bir kurulu\u015ftur. Operat\u00f6r Doktor Bar\u0131\u015f Keklik hastalar\u0131m\u0131z\u0131n ameliyat\u0131n\u0131 ger\u00e7ekle\u015ftiren doktorumuzdur. Bir\u00e7ok farkl\u0131 alanda uzmanl\u0131\u011f\u0131 bulunan ve y\u0131llard\u0131r ba\u015far\u0131l\u0131 operasyonlar\u0131 ile hastalar\u0131ndan memnun kalan doktorumuzun bilgilerini incelemek i\u00e7in @bariskeklik.m.d sayfas\u0131n\u0131 inceleyebilirsiniz. Bizi ve doktorumuzu t\u00fcm sosyal medya kanallar\u0131ndan inceleyebilirsiniz. \u00c7al\u0131\u015fma s\u00fcrecimiz a\u015fa\u011f\u0131daki [&hellip;]<\/p>\n","protected":false},"author":1,"featured_media":0,"parent":0,"menu_order":0,"comment_status":"closed","ping_status":"closed","template":"","meta":{"ngg_post_thumbnail":0,"footnotes":""},"class_list":["post-311","page","type-page","status-publish","hentry"],"_links":{"self":[{"href":"https:\/\/www.clinicarebosphorus.com\/tr\/wp-json\/wp\/v2\/pages\/311","targetHints":{"allow":["GET"]}}],"collection":[{"href":"https:\/\/www.clinicarebosphorus.com\/tr\/wp-json\/wp\/v2\/pages"}],"about":[{"href":"https:\/\/www.clinicarebosphorus.com\/tr\/wp-json\/wp\/v2\/types\/page"}],"author":[{"embeddable":true,"href":"https:\/\/www.clinicarebosphorus.com\/tr\/wp-json\/wp\/v2\/users\/1"}],"replies":[{"embeddable":true,"href":"https:\/\/www.clinicarebosphorus.com\/tr\/wp-json\/wp\/v2\/comments?post=311"}],"version-history":[{"count":3,"href":"https:\/\/www.clinicarebosphorus.com\/tr\/wp-json\/wp\/v2\/pages\/311\/revisions"}],"predecessor-version":[{"id":334,"href":"https:\/\/www.clinicarebosphorus.com\/tr\/wp-json\/wp\/v2\/pages\/311\/revisions\/334"}],"wp:attachment":[{"href":"https:\/\/www.clinicarebosphorus.com\/tr\/wp-json\/wp\/v2\/media?parent=311"}],"curies":[{"name":"wp","href":"https:\/\/api.w.org\/{rel}","templated":true}]}}